{"id":868,"date":"2021-08-13T15:33:19","date_gmt":"2021-08-13T15:33:19","guid":{"rendered":"http:\/\/localhost:8888\/wordpress\/?page_id=868"},"modified":"2026-04-02T15:22:09","modified_gmt":"2026-04-02T15:22:09","slug":"eh-forthcoming","status":"publish","type":"page","link":"https:\/\/www.whpress.co.uk\/publications\/eh-forthcoming\/","title":{"rendered":"EH forthcoming"},"content":{"rendered":"\n<h3 class=\"wp-block-heading\"><a name=\"EHart\">RESEARCH ARTICLES forthcoming in E&amp;H<\/a><\/h3>\n\n\n\n<p>Hyperlinks give access to abstracts and full text of <em>Environment and History<\/em> Ahead of Print papers. The final print version will be identical, apart from page numbering and identification of the journal issue in which it is published.<\/p>\n\n\n\n<p>Fast Track articles should be cited using the DOI in the following form:<br>Smith, J. 2018. Article title,&nbsp;<em>Environment and History<\/em>&nbsp;Ahead of Print, DOI xxxxxxxx.<\/p>\n\n\n\n<p>Papers are removed from this list after final publication in a specific journal issue. As there is now only a short delay between acceptance and Ahead of Print publication we are no longer posting authors\u2019 pre-copyediting versions on the WHP website. Authors remain free to&nbsp;<a href=\"https:\/\/www.whpress.co.uk\/open.html\">self-archive<\/a>&nbsp;their accepted papers.<\/p>\n\n\n\n<hr class=\"wp-block-separator has-alpha-channel-opacity\"\/>\n\n\n\n<p>Viktor P\u00e1l and Josef M. Djordjevski, \u2018<a href=\"https:\/\/doi.org\/10.3828\/whpeh.63861480327341\" data-type=\"link\" data-id=\"https:\/\/doi.org\/10.3828\/whpeh.63861480327341\">The Enchanted Dollar Bill\u2019: The Environmental History of Socialist Tourism in Hungary and Yugoslavia<\/a> <mark style=\"background-color:rgba(0, 0, 0, 0);color:#004d38\" class=\"has-inline-color\">accepted 21\/10\/2024<\/mark><\/p>\n\n\n\n<p>Margaret Cook and Sue Jackson, &#8216;<a href=\"https:\/\/doi.org\/10.3828\/whpeh.63861480327343\" data-type=\"link\" data-id=\"https:\/\/doi.org\/10.3828\/whpeh.63861480327343\">Eradicating Waste in the Making of the Lower River Murray, Australia, 1880\u20131940<\/a>&#8216; <mark style=\"background-color:rgba(0, 0, 0, 0);color:#004d38\" class=\"has-inline-color\">accepted 9\/11\/2024<\/mark><\/p>\n\n\n\n<p>K. Stibral, V. Faktorov\u00e1 and M. Ho\u0159ej\u0161\u00ed, <a href=\"https:\/\/doi.org\/10.3828\/whpeh.63861480327352\" data-type=\"link\" data-id=\"https:\/\/doi.org\/10.3828\/whpeh.63861480327352\">&#8216;Environmental Disasters and Place-Based Identity Formation: The Windstorm of 1870 and the 150-Year Czech Relationship with the Bohemian Forest&#8217;<\/a> <mark style=\"background-color:rgba(0, 0, 0, 0);color:#004d38\" class=\"has-inline-color\">accepted 04\/12\/2024<\/mark><\/p>\n\n\n\n<p>Joseph Seeley, <a href=\"https:\/\/doi.org\/10.3828\/whpeh.63861480327358\" data-type=\"link\" data-id=\"https:\/\/doi.org\/10.3828\/whpeh.63861480327358\">&#8216;Remaking Nature at North Korea\u2019s West Sea Barrage&#8217;<\/a> <mark style=\"background-color:rgba(0, 0, 0, 0);color:#004d38\" class=\"has-inline-color\">accepted 14\/01\/2025<\/mark><\/p>\n\n\n\n<p>Caroline Ford, <a href=\"https:\/\/doi.org\/10.3828\/whpeh.63861480327357\">&#8216;The Sound of Paris: An Environmental History of Noise in the City of Light&nbsp;&#8216;<\/a><mark style=\"background-color:rgba(0, 0, 0, 0)\" class=\"has-inline-color has-vivid-green-cyan-color\"><mark style=\"background-color:rgba(0, 0, 0, 0)\" class=\"has-inline-color has-vivid-green-cyan-color\"><mark style=\"background-color:rgba(0, 0, 0, 0)\" class=\"has-inline-color has-vivid-green-cyan-color\"><mark style=\"background-color:rgba(0, 0, 0, 0)\" class=\"has-inline-color has-vivid-green-cyan-color\"><mark style=\"background-color:rgba(0, 0, 0, 0);color:#00af00\" class=\"has-inline-color\"> <\/mark><\/mark><\/mark><\/mark><\/mark><mark style=\"background-color:rgba(0, 0, 0, 0);color:#004d38\" class=\"has-inline-color\">accepted 22\/01\/2025<\/mark><\/p>\n\n\n\n<p>Alexis Rider, <a href=\"https:\/\/doi.org\/10.3828\/whpeh.63861480327353\" data-type=\"link\" data-id=\"https:\/\/doi.org\/10.3828\/whpeh.63861480327353\">&#8216;(Re)Making Svalbard\u2019s Marble Island: Marketing the Sublime and Mythologising the More-Than-Human&#8217;<\/a> <mark style=\"background-color:rgba(0, 0, 0, 0);color:#004d38\" class=\"has-inline-color\">accepted 27\/01\/2025<\/mark><\/p>\n\n\n\n<p>Richard Jones, <a href=\"https:\/\/doi.org\/10.3828\/whpeh.63861480327355\" data-type=\"link\" data-id=\"https:\/\/doi.org\/10.3828\/whpeh.63861480327355\">&#8216;Excremental Flows: Manchester Corporation\u2019s \u2018Dung Hill Scheme\u2019 and the Rampton Manor Estate, Nottinghamshire, 1892&#8217;<\/a> <mark style=\"background-color:rgba(0, 0, 0, 0);color:#004d38\" class=\"has-inline-color\">accepted 28\/01\/2025<\/mark><\/p>\n\n\n\n<p>Nil\u00fcfer Alkan G\u00fcnay and Firat Ya\u015fa, <a href=\"https:\/\/doi.org\/10.3828\/whpeh.63861480327354\">&#8216;From&nbsp;<em>Zibil<\/em>&nbsp;to&nbsp;<em>Mezbele<\/em>:&nbsp;Social Order, Garbage and Officials&nbsp;in Early Modern Ottoman Bursa&#8217;<\/a> <mark style=\"background-color:rgba(0, 0, 0, 0);color:#004d38\" class=\"has-inline-color\">accepted 31\/01\/2025<\/mark><\/p>\n\n\n\n<p>Santiago Gorostiza, Alejandro P\u00e9rez-Olivares, Daniel Oviedo Silva and Jos\u00e9 Mar\u00eda S\u00e1nchez Laforet, <a href=\"https:\/\/doi.org\/10.3828\/whpeh.63861480327359\">&#8216;The Long Shadow of the Pines: Vegetation in the Birth, Destruction and Reconstruction of Madrid\u2019s University City (1927\u20131956)&#8217;<\/a> <mark style=\"background-color:rgba(0, 0, 0, 0);color:#004d38\" class=\"has-inline-color\">accepted 8\/02\/2025<\/mark><\/p>\n\n\n\n<p>Kristin Brig-Ortiz, <a href=\"https:\/\/doi.org\/10.3828\/whpeh.63861480327368\">&#8216;Water, Race and Power: Hydro-Normativity and Urban Water Surveillance in the Cape Colony and Natal, 1830\u20131899&#8217;<\/a> <mark style=\"background-color:rgba(0, 0, 0, 0);color:#004d38\" class=\"has-inline-color\">accepted 15\/04\/2025<\/mark><\/p>\n\n\n\n<p>Kati Lindstr\u00f6m and Achim Kl\u00fcppelberg, <a href=\"https:\/\/doi.org\/10.3828\/whpeh.63861480327369\" data-type=\"link\" data-id=\"https:\/\/doi.org\/10.3828\/whpeh.63861480327369\">&#8216;A Fishy Tale of the Nuclear Power Plant Never Built in Estonia: An Envirotechnical History of Energy, Fish, Land and Water Resources Planning at Lake V\u00f5rtsj\u00e4rv&#8217;<\/a> <mark style=\"background-color:rgba(0, 0, 0, 0);color:#004d38\" class=\"has-inline-color\">accepted 22\/04\/2025<\/mark><\/p>\n\n\n\n<p>Adam Sundberg, <a href=\"https:\/\/doi.org\/10.3828\/whpeh.63861480327367\">&#8216;Translating Algae into Policy: Introduced Marine Pests and the Emergence of Australian Ballast Water Management, 1970\u20131990&#8217;<\/a> <mark style=\"background-color:rgba(0, 0, 0, 0);color:#004d38\" class=\"has-inline-color\">accepted 5\/05\/2025<\/mark><\/p>\n\n\n\n<p>Rithma Kreie Engelbreth Larsen, &#8216;<a href=\"https:\/\/www.doi.org\/10.3828\/whpeh.63861480345877\">The Contested History of the Ecological Indian Trope: Politics of Knowledge in Conservation Science and Anthropology 1990\u20132000<\/a>&#8216;, <mark style=\"background-color:rgba(0, 0, 0, 0);color:#004d38\" class=\"has-inline-color\">accepted 23\/06\/2025<\/mark><\/p>\n\n\n\n<p>Claudia Leal,&nbsp;&#8216;<a href=\"https:\/\/doi.org\/10.3828\/whpeh.63861480345882\">Tenacious: An Alternative History of Dogs<\/a>&#8216; <mark style=\"background-color:rgba(0, 0, 0, 0);color:#004d38\" class=\"has-inline-color\">accepted 8\/07\/2025<\/mark><\/p>\n\n\n\n<p>Lars von Felten-Kury, &#8216;<a href=\"https:\/\/www.doi.org\/10.3828\/whpeh.63861480345878\">Wildlife Corridors: Animal Mobilities and Environmental Infrastructure in the Straits Settlements, c.1870s\u20131920s<\/a>&#8216;, <mark style=\"background-color:rgba(0, 0, 0, 0);color:#004d38\" class=\"has-inline-color\">accepted 18\/07\/2025<\/mark><\/p>\n\n\n\n<p>Koldo Trapaga-Monchet and Ra\u00fal Romero-Calcerrada, <a href=\"https:\/\/doi.org\/10.3828\/whpeh.63861480345886\">&#8216;Multifunctional Landscapes in Central Mainland Portugal: The Royal Administration of Almeirim and Sustainable Land Use from the Fourteenth to the Sixteenth Century&#8217;<\/a>, <mark style=\"background-color:rgba(0, 0, 0, 0);color:#004d38\" class=\"has-inline-color\">accepted 06\/08\/2025<\/mark><\/p>\n\n\n\n<p>Caizhou Cui, <a href=\"https:\/\/doi.org\/10.3828\/whpeh.63861480345883\">&#8216;The Treatment of Smog in Britain in the Second Half of the Twentieth Century&#8217;<\/a>, <mark style=\"background-color:rgba(0, 0, 0, 0);color:#004d38\" class=\"has-inline-color\">accepted 01\/09\/2025<\/mark><\/p>\n\n\n\n<p>Chris Halsted, <a href=\"https:\/\/doi.org\/10.3828\/whpeh.63861480345885\">&#8216;Germany\u2019s Feral Rheas: Colonialism, Rewilding, and Deep History in the Schaalsee Biosphere Reserve&#8217;<\/a>, <mark style=\"background-color:rgba(0, 0, 0, 0);color:#004d38\" class=\"has-inline-color\">accepted 04\/09\/2025<\/mark><\/p>\n\n\n\n<p>Wout Saelens, <a href=\"https:\/\/doi.org\/10.3828\/whpeh.63861480345884\">&#8216;Energy, Ecology and Gender in the Middle-Class Home of the Eighteenth-Century Low Countries&#8217;<\/a>, <mark style=\"background-color:rgba(0, 0, 0, 0);color:#004d38\" class=\"has-inline-color\">accepted 08\/09\/2025<\/mark><\/p>\n\n\n\n<p>Barbora Buz\u00e1ssyov\u00e1, <a href=\"https:\/\/doi.org\/10.3828\/whpeh.63861480345887\">&#8216;Technocratic Environmentalism in Socialist Science Diplomacy: Czechoslovak Geologists and the Evolution of the International Geological Correlation Programme (1972\u20131989)&#8217;<\/a> <mark style=\"background-color:rgba(0, 0, 0, 0);color:#004d38\" class=\"has-inline-color\">accepted 08\/09\/2025<\/mark><\/p>\n\n\n\n<p>Jackie Erlon-Baurjan, <a href=\"https:\/\/doi.org\/10.3828\/whpeh.63861480345902\">&#8216;The Fugitive Steppe: Climate and Colonialism on the Kazakh Steppe, 1860\u20131916&#8217;<\/a> <mark style=\"background-color:rgba(0, 0, 0, 0);color:#004d38\" class=\"has-inline-color\">accepted 02\/10\/2025<\/mark><\/p>\n\n\n\n<p>Beth Wittmann and Deborah Garrity, <a href=\"https:\/\/www.doi.org\/10.3828\/whpeh.63861480345888\">&#8216;Sick of the city: Unpacking the fat body politics of wilderness&#8217;<\/a> <mark style=\"background-color:rgba(0, 0, 0, 0);color:#004d38\" class=\"has-inline-color\">accepted 07\/10\/2025<\/mark><\/p>\n\n\n\n<p>Laura Valls, <a href=\"https:\/\/www.doi.org\/10.3828\/whpeh.63861480345889\">&#8216;Wearing Wild Birds. Global Skins, Parisian Exhibitions and the Business of Naturalists (1870\u20131910)&#8217;<\/a> <mark style=\"background-color:rgba(0, 0, 0, 0);color:#004d38\" class=\"has-inline-color\">accepted 08\/10\/2025<\/mark><\/p>\n\n\n\n<p>Wanda Marcussen, <a href=\"https:\/\/www.doi.org\/10.3828\/whpeh.63861480345891\">&#8216;Coastal Commons in Times of Crisis: The Role of the Traditional Oslofjord Fisheries in Mitigating the 1740\u20131743 Famine&#8217;<\/a> <mark style=\"background-color:rgba(0, 0, 0, 0);color:#004d38\" class=\"has-inline-color\">accepted 09\/10\/2025<\/mark><\/p>\n\n\n\n<p>Bj\u00f6rn Billing, <a href=\"https:\/\/doi.org\/10.3828\/whpeh.63861480345890\">&#8216;Visualising Icebergs: Early Modern Depictions, ca 1570\u20131770&#8217;<\/a> <mark style=\"background-color:rgba(0, 0, 0, 0);color:#004d38\" class=\"has-inline-color\">accepted 05\/11\/2025<\/mark><\/p>\n\n\n\n<p>Iris Borowy, <a href=\"https:\/\/www.doi.org\/10.3828\/whpeh.63861480345900\">&#8216;War: Wasting at another Pace&#8217;<\/a> <mark style=\"background-color:rgba(0, 0, 0, 0);color:#004d38\" class=\"has-inline-color\">accepted 05\/11\/2025<\/mark><\/p>\n\n\n\n<p>Sean D. Lawrence, <a href=\"https:\/\/doi.org\/10.3828\/whpeh.63861480345904\" data-type=\"link\" data-id=\"https:\/\/doi.org\/10.3828\/whpeh.63861480345904\">&#8216;Water\u2019s Worth: Reconsidering Deutsche Bank\u2019s 1907 Konya Plain Irrigation Project&#8217;<\/a> <mark style=\"background-color:rgba(0, 0, 0, 0);color:#004d38\" class=\"has-inline-color\">accepted 19\/11\/2025<\/mark><\/p>\n\n\n\n<p>Nivedita Nath, <a href=\"https:\/\/doi.org\/10.3828\/whpeh.63861480345901\">&#8216;Landscapes of Caste Exclusion: Rethinking Forests and Fields in South Asian Environmental History&#8217;<\/a> <mark style=\"background-color:rgba(0, 0, 0, 0);color:#004d38\" class=\"has-inline-color\">accepted 24\/11\/2025<\/mark><\/p>\n\n\n\n<p>Dipsikha Acharya, <a href=\"https:\/\/doi.org\/10.3828\/whpeh.63861480345903\">&#8216;Bombay Cyclones: An Environmental History of the West Coast of India in the Eighteenth and Nineteenth Centuries&#8217;<\/a> <mark style=\"background-color:rgba(0, 0, 0, 0);color:#004d38\" class=\"has-inline-color\">accepted 08\/12\/2025<\/mark><\/p>\n\n\n\n<p>Donghyun Woo, <a href=\"https:\/\/doi.org\/10.3828\/whpeh.63861480345905\">&#8216;Squid and Socialists: Power, Nature and the Unruly East Sea in North Korea, 1945\u20131964&#8217;<\/a> <mark style=\"background-color:rgba(0, 0, 0, 0);color:#004d38\" class=\"has-inline-color\">accepted 19\/12\/2025<\/mark><\/p>\n\n\n\n<p>Rosa Smurra and Taylor Zaneri, &#8216;Women and Rural Property in Medieval Bologna: Preliminary Evidence from Fiscal Sources&#8217; <mark style=\"background-color:rgba(0, 0, 0, 0);color:#004d38\" class=\"has-inline-color\">accepted 21\/01\/202<\/mark>6<\/p>\n\n\n\n<p>Cristiano La Lumia, &#8216;Regulating the wood trade and forestry: Timber tariffs in Imperial Germany (1870s\u20131910s)&#8217; <mark style=\"background-color:rgba(0, 0, 0, 0);color:#004d38\" class=\"has-inline-color\">accepted 06\/02\/202<\/mark>6<br><\/p>\n\n\n\n<p>Anton Sveding, &#8216;Forest Conservation and Propaganda in Australia, Canada and New Zealand, 1900\u20131945&#8217; <mark style=\"background-color:rgba(0, 0, 0, 0);color:#004d38\" class=\"has-inline-color\">accepted 25\/02\/202<\/mark>6<\/p>\n\n\n\n<p>George L. Vlachos, &#8216;Selective Ecologies: Hunting, Game Capital and the Technocratic Management of Wild Fauna in Interwar Greece&#8217; <mark style=\"background-color:rgba(0, 0, 0, 0);color:#004d38\" class=\"has-inline-color\">accepted 25\/02\/202<\/mark>6<\/p>\n\n\n\n<hr class=\"wp-block-separator has-alpha-channel-opacity\"\/>\n\n\n\n<h3 class=\"wp-block-heading\"><a name=\"EHrev\">BOOK REVIEWS<\/a><\/h3>\n\n\n\n<p>Links below give access to unproofed book reviews<\/p>\n\n\n\n<p><strong>\u00a9 The White Horse Press. Fair use quotation of limited passages is permitted. Cite as \u2018forthcoming in&nbsp;<em>Environment and History<\/em>\u2019.<\/strong><\/p>\n\n\n\n<p>During production and pre-press, errors may be discovered which could affect the content. The final version will be published in a forthcoming journal issue with correct page numbers and DOI.<\/p>\n\n\n\n<p>Xiangli Ding<br><em><a href=\"https:\/\/www.whpress.co.uk\/EH\/reviews\/217_Huo.pdf\" data-type=\"link\" data-id=\"https:\/\/www.whpress.co.uk\/EH\/reviews\/217_Huo.pdf\">Hydropower Nation: Dams, Energy, and Political Changes in Twentieth-Century China<\/a><\/em><br>HUIXIN HUO<\/p>\n\n\n\n<p>Sandeep Vaheesan<br><em><a href=\"https:\/\/www.whpress.co.uk\/EH\/reviews\/218_Huo.pdf\" data-type=\"link\" data-id=\"https:\/\/www.whpress.co.uk\/EH\/reviews\/218_Huo.pdf\">Democracy in Power: A History of Electrification in the United States<\/a><\/em><br>HUIXIN HUO<\/p>\n\n\n\n<p>Anna Mazanik<br><em><a href=\"https:\/\/www.whpress.co.uk\/EH\/reviews\/219_Moon.pdf\">Sanitizing Moscow: Waste, Animals, and Urban Health in Late Imperial Russia<\/a>&nbsp;<\/em><br>DAVID MOON<\/p>\n\n\n\n<p>E. C. H. Keskitalo (ed.)<br><em><a href=\"https:\/\/www.whpress.co.uk\/EH\/reviews\/220_Shi:Wu.pdf\">Understanding Human-Nature Practices for Environmental Management: Examples from Northern Europe<\/a><\/em><br>SHIYUAN SHI AND BIYU WU<\/p>\n\n\n\n<p>&nbsp;Marilena Mela<br><em><a href=\"https:\/\/www.whpress.co.uk\/EH\/reviews\/221_Hong:Li.pdf\">Assembling the Archipelago: Heritage in Energy Transitions and Climate Action<\/a><\/em><br>YANLING HONG and HANHUI LI&nbsp;<\/p>\n\n\n\n<p>Onur \u0130nal<br><em><a href=\"https:\/\/www.whpress.co.uk\/EH\/reviews\/222_Ileri.pdf\">Gateway to the Mediterranean: An Environmental History of Late Ottoman Izmir&nbsp;<\/a><\/em><br>NUR\u00c7\u0130N \u0130LER\u0130&nbsp;<\/p>\n\n\n\n<p>Aaron Eddens<br><em><a href=\"https:\/\/www.whpress.co.uk\/EH\/reviews\/223_Huang.pdf\">Seeding Empire: American Philanthrocapital and the Roots of the Green Revolution in Africa&nbsp;<\/a><\/em><br>YUAN HUANG&nbsp;<\/p>\n\n\n\n<p>Andrea Duffy<br><em><a href=\"https:\/\/www.whpress.co.uk\/EH\/reviews\/224_He:Wang.pdf\">The Nature of Empire: Modern Imperialism and the Roots of the Anthropocene<\/a><\/em><br>MINTING HE and XUEFENG WANG&nbsp;<\/p>\n\n\n\n<p>Madison P. Jones<br><a href=\"https:\/\/www.whpress.co.uk\/EH\/reviews\/225_Sun.pdf\" data-type=\"link\" data-id=\"https:\/\/www.whpress.co.uk\/EH\/reviews\/225_Sun.pdf\"><em>Inventing Ecosystems: The Rhetoric of Science in an Ecological A<\/em>ge<\/a><br>YUE SUN&nbsp;<\/p>\n\n\n\n<p><\/p>\n","protected":false},"excerpt":{"rendered":"<p>RESEARCH ARTICLES forthcoming in E&amp;H Hyperlinks give access to abstracts and full text of Environment and History Ahead of Print papers. The [&hellip;]<\/p>\n","protected":false},"author":1,"featured_media":0,"parent":0,"menu_order":0,"comment_status":"closed","ping_status":"closed","template":"","meta":{"footnotes":""},"class_list":["post-868","page","type-page","status-publish","hentry"],"_links":{"self":[{"href":"https:\/\/www.whpress.co.uk\/publications\/wp-json\/wp\/v2\/pages\/868","targetHints":{"allow":["GET"]}}],"collection":[{"href":"https:\/\/www.whpress.co.uk\/publications\/wp-json\/wp\/v2\/pages"}],"about":[{"href":"https:\/\/www.whpress.co.uk\/publications\/wp-json\/wp\/v2\/types\/page"}],"author":[{"embeddable":true,"href":"https:\/\/www.whpress.co.uk\/publications\/wp-json\/wp\/v2\/users\/1"}],"replies":[{"embeddable":true,"href":"https:\/\/www.whpress.co.uk\/publications\/wp-json\/wp\/v2\/comments?post=868"}],"version-history":[{"count":203,"href":"https:\/\/www.whpress.co.uk\/publications\/wp-json\/wp\/v2\/pages\/868\/revisions"}],"predecessor-version":[{"id":6763,"href":"https:\/\/www.whpress.co.uk\/publications\/wp-json\/wp\/v2\/pages\/868\/revisions\/6763"}],"wp:attachment":[{"href":"https:\/\/www.whpress.co.uk\/publications\/wp-json\/wp\/v2\/media?parent=868"}],"curies":[{"name":"wp","href":"https:\/\/api.w.org\/{rel}","templated":true}]}}