{"id":4766,"date":"2024-01-09T17:14:14","date_gmt":"2024-01-09T17:14:14","guid":{"rendered":"https:\/\/www.whpress.co.uk\/publications\/?page_id=4766"},"modified":"2026-02-06T11:12:05","modified_gmt":"2026-02-06T11:12:05","slug":"worldwide-waste","status":"publish","type":"page","link":"https:\/\/www.whpress.co.uk\/publications\/journals\/worldwide-waste\/","title":{"rendered":"Worldwide Waste"},"content":{"rendered":"\n<div class=\"wp-block-buttons is-layout-flex wp-block-buttons-is-layout-flex\">\n<div class=\"wp-block-button\"><a class=\"wp-block-button__link wp-element-button\" href=\"https:\/\/whpress.co.uk\/WW.html\">Journal details<\/a><\/div>\n\n\n\n<div class=\"wp-block-button\"><a class=\"wp-block-button__link wp-element-button\" href=\"https:\/\/www.whp-journals.co.uk\/WW\/index\">Online submissions<\/a><\/div>\n\n\n\n<div class=\"wp-block-button\"><a class=\"wp-block-button__link wp-element-button\" href=\"https:\/\/www.whp-journals.co.uk\/WW\/index\">Read<\/a><\/div>\n<\/div>\n\n\n\n<div style=\"height:15px\" aria-hidden=\"true\" class=\"wp-block-spacer\"><\/div>\n\n\n<div class=\"pt-cv-wrapper\"><div class=\"cvp-live-filter cvp-button \" id=\"\" data-name=\"tx_post_tag\" data-sid=\"caf72f0zms\" data-isblock=\"\" data-postid=\"\"><label class=\"cvp-label\">Year<\/label><div class=\"btn\"><label><input type=\"radio\" name=\"tx_post_tag\" value=\"\" checked\/><div>All<\/div><\/label><\/div><div class=\"btn\"><label><input type=\"radio\" name=\"tx_post_tag\" value=\"2018\" \/><div>2018<\/div><\/label><\/div><div class=\"btn\"><label><input type=\"radio\" name=\"tx_post_tag\" value=\"2019\" \/><div>2019<\/div><\/label><\/div><div class=\"btn\"><label><input type=\"radio\" name=\"tx_post_tag\" value=\"2020\" \/><div>2020<\/div><\/label><\/div><div class=\"btn\"><label><input type=\"radio\" name=\"tx_post_tag\" value=\"2021\" \/><div>2021<\/div><\/label><\/div><div class=\"btn\"><label><input type=\"radio\" name=\"tx_post_tag\" value=\"2022\" \/><div>2022<\/div><\/label><\/div><div class=\"btn\"><label><input type=\"radio\" name=\"tx_post_tag\" value=\"2023\" \/><div>2023<\/div><\/label><\/div><div class=\"btn\"><label><input type=\"radio\" name=\"tx_post_tag\" value=\"2024\" \/><div>2024<\/div><\/label><\/div><div class=\"btn\"><label><input type=\"radio\" name=\"tx_post_tag\" value=\"2025\" \/><div>2025<\/div><\/label><\/div><\/div><div class=\"pt-cv-view pt-cv-grid pt-cv-colsys pt-cv-nolf pt-cv-pgregular cvp-lfres\" id=\"pt-cv-view-caf72f0zms\"><div data-id=\"pt-cv-page-1\" class=\"pt-cv-page\" data-cvc=\"3\"><div class=\"col-md-4 col-sm-6 col-xs-12 pt-cv-content-item pt-cv-2-col\"  data-pid=\"5528\"><div class='pt-cv-ifield'><h4 class=\"pt-cv-title\"><a href=\"https:\/\/www.whpress.co.uk\/publications\/2025\/12\/11\/www-vol-8-no-1\/\" class=\"_self cvplbd\" target=\"_self\" >Worldwide Waste Vol.8 No.1 (2025)<\/a><\/h4>\n<div class=\"pt-cv-content\">\n<figure class=\"wp-block-image size-full\"><img loading=\"lazy\" decoding=\"async\" width=\"283\" height=\"400\" src=\"https:\/\/www.whpress.co.uk\/publications\/wp-content\/uploads\/2024\/12\/WWW_2025cover-small.jpg\" alt=\"\" class=\"wp-image-6466\" srcset=\"https:\/\/www.whpress.co.uk\/publications\/wp-content\/uploads\/2024\/12\/WWW_2025cover-small.jpg 283w, https:\/\/www.whpress.co.uk\/publications\/wp-content\/uploads\/2024\/12\/WWW_2025cover-small-212x300.jpg 212w, https:\/\/www.whpress.co.uk\/publications\/wp-content\/uploads\/2024\/12\/WWW_2025cover-small-133x188.jpg 133w\" sizes=\"auto, (max-width: 283px) 100vw, 283px\" \/><\/figure>\n\n\n\n<p>RESEARCH ARTICLES<br \/><a href=\"https:\/\/doi.org\/10.3197\/whpww.63857928646675\">Debilitating Domestic Duties: Precariousness of Female Waste Pickers in Indonesia<\/a>&nbsp;Rachma Lutfiny Putri, Freek Colombijn<br \/><br \/><a href=\"https:\/\/doi.org\/10.3197\/whpww.63857928646676\">Nuclear Clay: Prerequisites for Geological Disposal of Radioactive Waste in Soviet Lithuania and Russia<\/a>&nbsp;Andrei Stsiapanau<br \/><br \/><a href=\"https:\/\/doi.org\/10.3197\/whpww.63857928646677\">Conflicting Interests: The Early Development of Makulatura Collection in Soviet Ukraine<\/a>&nbsp;Tetiana Perga<br \/><br \/><a href=\"https:\/\/doi.org\/10.3197\/whpww.63857928646678\">Too Much Modernity or Too Little? Efforts Towards a Global Discard Policy at the International Reference Centre for Wastes Disposal, 1966\u20131976<\/a>&nbsp;Iris Borowy<br \/><br \/><a href=\"https:\/\/doi.org\/10.3197\/whpww.63857928646680\">Anthropocene Ouroboros: Shimmying Plastics and the Contamination of Time<\/a>&nbsp;Saskia Abrahms-Kavunenko<\/p>\n\n\n\n<p>RESEARCH OUTPUT<br \/><a href=\"https:\/\/doi.org\/10.3197\/whpww.63857928646679\">Green Box Programme in China: From Slow Violence to Slow Hope?<\/a>\u00a0Duan Jiaqi, Lu Ziyu, Qin Xiaoy<\/p>\n<\/div><\/div><\/div>\n<div class=\"col-md-4 col-sm-6 col-xs-12 pt-cv-content-item pt-cv-2-col\"  data-pid=\"4811\"><div class='pt-cv-ifield'><h4 class=\"pt-cv-title\"><a href=\"https:\/\/www.whpress.co.uk\/publications\/2024\/01\/10\/www-vol-7-no-1\/\" class=\"_self cvplbd\" target=\"_self\" >Worldwide Waste Vol.7 No.1 (2024)<\/a><\/h4>\n<div class=\"pt-cv-content\">\n<figure class=\"wp-block-image size-full\"><img loading=\"lazy\" decoding=\"async\" width=\"283\" height=\"400\" src=\"https:\/\/www.whpress.co.uk\/publications\/wp-content\/uploads\/2024\/01\/WW_CoverImage_-vol7-copy.png\" alt=\"\" class=\"wp-image-4813\" srcset=\"https:\/\/www.whpress.co.uk\/publications\/wp-content\/uploads\/2024\/01\/WW_CoverImage_-vol7-copy.png 283w, https:\/\/www.whpress.co.uk\/publications\/wp-content\/uploads\/2024\/01\/WW_CoverImage_-vol7-copy-212x300.png 212w, https:\/\/www.whpress.co.uk\/publications\/wp-content\/uploads\/2024\/01\/WW_CoverImage_-vol7-copy-133x188.png 133w\" sizes=\"auto, (max-width: 283px) 100vw, 283px\" \/><\/figure>\n\n\n\n<p>RESEARCH ARTICLES<br \/><a href=\"https:\/\/doi.org\/10.3197\/whpww.63857928646673\">Freecycling Markets as Sustainable Materialist Movements? Closing Reuse Circularity Loops in Singapore<\/a>&nbsp;Qian Hui Tan, Brenda S.A. Yeoh<\/p>\n\n\n\n<p><a href=\"https:\/\/doi.org\/10.3197\/whpww.63857928646674\">Progressive Formalisation of Household Solid Waste Source-Segregation in Khulna City, Bangladesh: A Transition towards Inclusive Circular Economy<\/a>&nbsp;Swarna Bintay Kadir, S.M. Tariqul Islam, S.M. Rokibuzzaman, Suman Dhun Srestha, Reena Bajracharya<\/p>\n\n\n\n<p><\/p>\n<\/div><\/div><\/div>\n<div class=\"col-md-4 col-sm-6 col-xs-12 pt-cv-content-item pt-cv-2-col\"  data-pid=\"4790\"><div class='pt-cv-ifield'><h4 class=\"pt-cv-title\"><a href=\"https:\/\/www.whpress.co.uk\/publications\/2024\/01\/09\/www-vol-6-no-1\/\" class=\"_self cvplbd\" target=\"_self\" >Worldwide Waste Vol.6 No.1 (2023)<\/a><\/h4>\n<div class=\"pt-cv-content\">\n<figure class=\"wp-block-image size-full\"><img loading=\"lazy\" decoding=\"async\" width=\"303\" height=\"400\" src=\"https:\/\/www.whpress.co.uk\/publications\/wp-content\/uploads\/2024\/01\/ww_cover_image-copy.jpg\" alt=\"\" class=\"wp-image-4774\" srcset=\"https:\/\/www.whpress.co.uk\/publications\/wp-content\/uploads\/2024\/01\/ww_cover_image-copy.jpg 303w, https:\/\/www.whpress.co.uk\/publications\/wp-content\/uploads\/2024\/01\/ww_cover_image-copy-227x300.jpg 227w, https:\/\/www.whpress.co.uk\/publications\/wp-content\/uploads\/2024\/01\/ww_cover_image-copy-133x176.jpg 133w, https:\/\/www.whpress.co.uk\/publications\/wp-content\/uploads\/2024\/01\/ww_cover_image-copy-300x396.jpg 300w\" sizes=\"auto, (max-width: 303px) 100vw, 303px\" \/><\/figure>\n\n\n\n<p>RESEARCH ARTICLES<br \/><a href=\"https:\/\/doi.org\/10.5334\/wwwj.75\">Confronting the Uncertainties Associated with Long-Time Scales: Analysis of the Modes of Preservation of Memory of Radioactive Waste Burial Sites<\/a>&nbsp;Simon Calla, Christian Guinchard, Alexandre Moine, Nanta Novello-Paglianti, Laure Nuninger, Laetitia Ogorzelec-Guinchard<\/p>\n\n\n\n<p><a href=\"https:\/\/doi.org\/10.5334\/wwwj.100\">People in the Streets of Paris: \u2018A Matter Out of Place\u2019?<\/a>&nbsp;Elen Riot<\/p>\n\n\n\n<p><a href=\"https:\/\/doi.org\/10.5334\/wwwj.96\">Preserving Offerings, Prolonging Merit: Efficacy, Skillful Means, and Re-purposing in Plastic Buddhist Material Culture in Contemporary Sikkim<\/a>&nbsp;Amy Holmes-Tagchungdarpa<\/p>\n\n\n\n<p><a href=\"https:\/\/doi.org\/10.5334\/wwwj.97\">Waste for the Soviet Economy: Recycling of Rags in Ukraine in the 1920s<\/a>&nbsp;Tetiana Perga<\/p>\n\n\n\n<p><a href=\"https:\/\/doi.org\/10.5334\/wwwj.95\">On the (In)visibility of Practices: Opportunities for the Promotion of Household Waste-Segregation in Western Switzerland<\/a>&nbsp;Rolande Christelle Makamt\u00e9 Kakeu-Tardy, Hannah Howarth, Marlyne Sahakian, Ren\u00e9 V\u00e9ro<\/p>\n<\/div><\/div><\/div><\/div><\/div>\n<div class=\"text-left pt-cv-pagination-wrapper\"><ul class=\"pt-cv-pagination pt-cv-ajax pagination\" data-totalpages=\"3\" data-currentpage=\"1\" data-sid=\"caf72f0zms\" data-unid=\"\" data-isblock=\"\" data-postid=\"\"><li class=\"active\"><a href=\"#\">1<\/a><\/li>\n\t<li ><a class=\"\" href=\"https:\/\/www.whpress.co.uk\/publications\/wp-json\/wp\/v2\/pages\/4766\/?_page=2\">2<\/a><\/li>\n\t<li ><a class=\"\" href=\"https:\/\/www.whpress.co.uk\/publications\/wp-json\/wp\/v2\/pages\/4766\/?_page=3\">3<\/a><\/li>\n\t<li ><a class=\" \" href=\"https:\/\/www.whpress.co.uk\/publications\/wp-json\/wp\/v2\/pages\/4766\/?_page=2\">&rsaquo;<\/a><\/li>\n\t<\/ul><img loading=\"lazy\" decoding=\"async\" width=\"15\" height=\"15\" class=\"pt-cv-spinner\" alt=\"Loading...\" src=\"data:image\/gif;base64,R0lGODlhDwAPALMPAMrKygwMDJOTkz09PZWVla+vr3p6euTk5M7OzuXl5TMzMwAAAJmZmWZmZszMzP\/\/\/yH\/C05FVFNDQVBFMi4wAwEAAAAh+QQFCgAPACwAAAAADwAPAAAEQvDJaZaZOIcV8iQK8VRX4iTYoAwZ4iCYoAjZ4RxejhVNoT+mRGP4cyF4Pp0N98sBGIBMEMOotl6YZ3S61Bmbkm4mAgAh+QQFCgAPACwAAAAADQANAAAENPDJSRSZeA418itN8QiK8BiLITVsFiyBBIoYqnoewAD4xPw9iY4XLGYSjkQR4UAUD45DLwIAIfkEBQoADwAsAAAAAA8ACQAABC\/wyVlamTi3nSdgwFNdhEJgTJoNyoB9ISYoQmdjiZPcj7EYCAeCF1gEDo4Dz2eIAAAh+QQFCgAPACwCAAAADQANAAAEM\/DJBxiYeLKdX3IJZT1FU0iIg2RNKx3OkZVnZ98ToRD4MyiDnkAh6BkNC0MvsAj0kMpHBAAh+QQFCgAPACwGAAAACQAPAAAEMDC59KpFDll73HkAA2wVY5KgiK5b0RRoI6MuzG6EQqCDMlSGheEhUAgqgUUAFRySIgAh+QQFCgAPACwCAAIADQANAAAEM\/DJKZNLND\/kkKaHc3xk+QAMYDKsiaqmZCxGVjSFFCxB1vwy2oOgIDxuucxAMTAJFAJNBAAh+QQFCgAPACwAAAYADwAJAAAEMNAs86q1yaWwwv2Ig0jUZx3OYa4XoRAfwADXoAwfo1+CIjyFRuEho60aSNYlOPxEAAAh+QQFCgAPACwAAAIADQANAAAENPA9s4y8+IUVcqaWJ4qEQozSoAzoIyhCK2NFU2SJk0hNnyEOhKR2AzAAj4Pj4GE4W0bkJQIAOw==\" \/><div class=\"clear pt-cv-clear-pagination\"><\/div><\/div><\/div>\t\t\t<style type=\"text\/css\" id=\"pt-cv-inline-style-8ff38bbwbm\">#pt-cv-view-caf72f0zms .pt-cv-title a, #pt-cv-view-caf72f0zms  .panel-title { font-weight: 600 !important; }\n#pt-cv-view-caf72f0zms .pt-cv-readmore  { color: #ffffff !important; background-color: #00aeef !important; }\n#pt-cv-view-caf72f0zms .pt-cv-readmore:hover  { color: #ffffff !important; background-color: #00aeef !important; }\n#pt-cv-view-caf72f0zms  + .pt-cv-pagination-wrapper .pt-cv-more , #pt-cv-view-caf72f0zms  + .pt-cv-pagination-wrapper .pagination .active a, .pt-cv-pagination[data-sid='caf72f0zms'] .active a { color: #ffffff !important; background-color: #00aeef !important; }<\/style>\r\n\t\t\t\n\n\n\n<p><\/p>\n","protected":false},"excerpt":{"rendered":"","protected":false},"author":1,"featured_media":0,"parent":340,"menu_order":0,"comment_status":"closed","ping_status":"closed","template":"","meta":{"footnotes":""},"class_list":["post-4766","page","type-page","status-publish","hentry"],"_links":{"self":[{"href":"https:\/\/www.whpress.co.uk\/publications\/wp-json\/wp\/v2\/pages\/4766","targetHints":{"allow":["GET"]}}],"collection":[{"href":"https:\/\/www.whpress.co.uk\/publications\/wp-json\/wp\/v2\/pages"}],"about":[{"href":"https:\/\/www.whpress.co.uk\/publications\/wp-json\/wp\/v2\/types\/page"}],"author":[{"embeddable":true,"href":"https:\/\/www.whpress.co.uk\/publications\/wp-json\/wp\/v2\/users\/1"}],"replies":[{"embeddable":true,"href":"https:\/\/www.whpress.co.uk\/publications\/wp-json\/wp\/v2\/comments?post=4766"}],"version-history":[{"count":4,"href":"https:\/\/www.whpress.co.uk\/publications\/wp-json\/wp\/v2\/pages\/4766\/revisions"}],"predecessor-version":[{"id":6591,"href":"https:\/\/www.whpress.co.uk\/publications\/wp-json\/wp\/v2\/pages\/4766\/revisions\/6591"}],"up":[{"embeddable":true,"href":"https:\/\/www.whpress.co.uk\/publications\/wp-json\/wp\/v2\/pages\/340"}],"wp:attachment":[{"href":"https:\/\/www.whpress.co.uk\/publications\/wp-json\/wp\/v2\/media?parent=4766"}],"curies":[{"name":"wp","href":"https:\/\/api.w.org\/{rel}","templated":true}]}}