{"id":370,"date":"2021-07-28T16:26:04","date_gmt":"2021-07-28T16:26:04","guid":{"rendered":"http:\/\/localhost:8888\/wordpress\/?page_id=370"},"modified":"2024-02-12T18:45:38","modified_gmt":"2024-02-12T18:45:38","slug":"nomadic-peoples","status":"publish","type":"page","link":"https:\/\/www.whpress.co.uk\/publications\/journals\/nomadic-peoples\/","title":{"rendered":"Nomadic Peoples"},"content":{"rendered":"\n<p>This page shows volumes of Nomadic Peoples published by The White Horse Press (from Volume 18, 2014). Contents of all volumes from 1997\u2013present are available on <a href=\"https:\/\/liverpooluniversitypress.co.uk\/journal\/whpnp\">LUP<\/a>. The Commission on Nomadic Peoples of the International Union of Anthropological and Ethnological Sciences (IUAES) in collaboration with the Ford Foundation&nbsp;has digitised, preserved and extended access to the issues of the journal of Nomadic Peoples from its inception in 1979 up to 1996. For direct access to these back issues visit the Commission on Nomadic Peoples <a href=\"https:\/\/nomadicpeople.info\">journal page<\/a>.<\/p>\n\n\n\n<div class=\"wp-block-buttons is-layout-flex wp-block-buttons-is-layout-flex\">\n<div class=\"wp-block-button\"><a class=\"wp-block-button__link wp-element-button\" href=\"https:\/\/www.whpress.co.uk\/NP.html\">Journal home page<\/a><\/div>\n\n\n\n<div class=\"wp-block-button\"><a class=\"wp-block-button__link wp-element-button\" href=\"https:\/\/www.whp-journals.co.uk\/index.php\/NP\">Online submission system<\/a><\/div>\n\n\n\n<div class=\"wp-block-button\"><a class=\"wp-block-button__link wp-element-button\" href=\"https:\/\/www.whpress.co.uk\/publications\/np-supplementary-content\/\">Supplementary Content<\/a><\/div>\n\n\n\n<div class=\"wp-block-button\"><a class=\"wp-block-button__link wp-element-button\" href=\"https:\/\/scholar.google.com\/citations?hl=en&amp;view_op=list_hcore&amp;venue=BL0nxgJyJHcJ.2023\" target=\"_blank\" rel=\"noreferrer noopener\">Most Cited (Google Scholar)<\/a><\/div>\n\n\n\n<div class=\"wp-block-button\"><a class=\"wp-block-button__link wp-element-button\" href=\"https:\/\/www.whpress.co.uk\/publications\/2886-2\/\">Subscribe to Open<\/a><\/div>\n\n\n\n<div class=\"wp-block-button\"><a class=\"wp-block-button__link wp-element-button\" href=\"https:\/\/liverpooluniversitypress.co.uk\/journal\/whpnp\">Read at LUP<\/a><\/div>\n<\/div>\n\n\n<div class=\"pt-cv-wrapper\"><div class=\"cvp-live-filter cvp-button \" id=\"\" data-name=\"tx_post_tag\" data-sid=\"a98c136g5v\" data-isblock=\"\" data-postid=\"\"><label class=\"cvp-label\">Year<\/label><div class=\"btn\"><label><input type=\"radio\" name=\"tx_post_tag\" value=\"\" checked\/><div>All<\/div><\/label><\/div><div class=\"btn\"><label><input type=\"radio\" name=\"tx_post_tag\" value=\"2025\" \/><div>2025<\/div><\/label><\/div><div class=\"btn\"><label><input type=\"radio\" name=\"tx_post_tag\" value=\"2024\" \/><div>2024<\/div><\/label><\/div><div class=\"btn\"><label><input type=\"radio\" name=\"tx_post_tag\" value=\"2023\" \/><div>2023<\/div><\/label><\/div><div class=\"btn\"><label><input type=\"radio\" name=\"tx_post_tag\" value=\"2022\" \/><div>2022<\/div><\/label><\/div><div class=\"btn\"><label><input type=\"radio\" name=\"tx_post_tag\" value=\"2021\" \/><div>2021<\/div><\/label><\/div><div class=\"btn\"><label><input type=\"radio\" name=\"tx_post_tag\" value=\"2020\" \/><div>2020<\/div><\/label><\/div><div class=\"btn\"><label><input type=\"radio\" name=\"tx_post_tag\" value=\"2019\" \/><div>2019<\/div><\/label><\/div><div class=\"btn\"><label><input type=\"radio\" name=\"tx_post_tag\" value=\"2018\" \/><div>2018<\/div><\/label><\/div><div class=\"btn\"><label><input type=\"radio\" name=\"tx_post_tag\" value=\"2017\" \/><div>2017<\/div><\/label><\/div><div class=\"btn\"><label><input type=\"radio\" name=\"tx_post_tag\" value=\"2016\" \/><div>2016<\/div><\/label><\/div><div class=\"btn\"><label><input type=\"radio\" name=\"tx_post_tag\" value=\"2015\" \/><div>2015<\/div><\/label><\/div><div class=\"btn\"><label><input type=\"radio\" name=\"tx_post_tag\" value=\"2014\" \/><div>2014<\/div><\/label><\/div><\/div><div class=\"pt-cv-view pt-cv-grid pt-cv-colsys pt-cv-nolf pt-cv-pgregular cvp-lfres\" id=\"pt-cv-view-a98c136g5v\"><div data-id=\"pt-cv-page-1\" class=\"pt-cv-page\" data-cvc=\"2\"><div class=\"col-md-6 col-sm-6 col-xs-12 pt-cv-content-item pt-cv-2-col\"  data-pid=\"6067\"><div class='pt-cv-ifield'><h4 class=\"pt-cv-title\"><a href=\"https:\/\/www.whpress.co.uk\/publications\/2025\/09\/09\/np-vol-29-2\/\" class=\"_self cvplbd\" target=\"_self\" >NP Vol.29 (2), September 2025<\/a><\/h4>\n<div class=\"pt-cv-content\">\n<figure class=\"wp-block-image size-full\"><img loading=\"lazy\" decoding=\"async\" width=\"266\" height=\"400\" src=\"https:\/\/www.whpress.co.uk\/publications\/wp-content\/uploads\/2025\/08\/cover-small.png\" alt=\"\" class=\"wp-image-6069\" srcset=\"https:\/\/www.whpress.co.uk\/publications\/wp-content\/uploads\/2025\/08\/cover-small.png 266w, https:\/\/www.whpress.co.uk\/publications\/wp-content\/uploads\/2025\/08\/cover-small-200x300.png 200w, https:\/\/www.whpress.co.uk\/publications\/wp-content\/uploads\/2025\/08\/cover-small-133x200.png 133w\" sizes=\"auto, (max-width: 266px) 100vw, 266px\" \/><\/figure>\n\n\n\n<h3 class=\"wp-block-heading\"><\/h3>\n\n\n\n<p>EDITORIAL<br \/><a href=\"https:\/\/doi.org\/10.3828\/whpnp.63837646691078\">Editorial<\/a>&nbsp;Saverio Kr\u00e4tli<\/p>\n\n\n\n<p>SPECIAL SECTION<br \/><a href=\"https:\/\/doi.org\/10.3828\/whpnp.63837646691079\">Jeremy J. Swift (1939\u20132024)<\/a>&nbsp;Saverio Kr\u00e4tli, Andr\u00e9 Marty, Angelo Maliki Bonfiglioli, Camilla Toulmin, Ced Hesse, Brigitte Th\u00e9baud, Ian Scoones, Mohamed Elmi, Izzy Birch, Robin Mearns, Roy Behnke, Carol Kerven, Mar\u00eda Fernandez Gimenez<br \/><br \/><a href=\"https:\/\/doi.org\/10.3828\/whpnp.63837646691080\">Research Memo 2 \u2013 1982: The Start of the Rains<\/a>&nbsp;Jeremy Swift<br \/><br \/><a href=\"https:\/\/doi.org\/10.3828\/whpnp.63837646691081\">Jeremy Swift\u2019s Bibliography<\/a>&nbsp;Jeremy Swift<\/p>\n\n\n\n<p>RESEARCH ARTICLES<br \/><a href=\"https:\/\/doi.org\/10.3828\/whpnp.63837646691076\">Deconstructing the Concept of the \u2018Nomad\u2019 in Central Eurasia<\/a>&nbsp;Cecilia Conte<br \/><br \/><a href=\"https:\/\/doi.org\/10.3828\/whpnp.63837646691077\">Road to Violence: Land Alienation, Road Deaths and State-Making in the Lower Omo Valley, South-West Ethiopia<\/a>&nbsp;Lucie Buffavand<br \/><br \/><a href=\"https:\/\/doi.org\/10.3828\/whpnp.63837646691082\">Gender-Sensitive Approaches Improve Characterisation of Resilience in African Pastoral Systems<\/a>&nbsp;Rebekah Ash, Jackson Wachira, Rahma Hassan, Hussein Wario, Matthew Harrison, Dianne Mayberry, Karen Christie-Whitehead, Dahabo Guracha, Ian Scoones<\/p>\n\n\n\n<p>BOOK REVIEWS<br \/><a href=\"https:\/\/doi.org\/10.3828\/whpnp.63837646691074\">Angela Kronenburg Garc\u00eda, Tobias Haller, Han Van Dijk, Cyrus Samimi and Jeroen Warner (eds),\u00a0<em>Drylands Facing Change: Interventions, Investments and Identities.<\/em><\/a>\u00a0Matteo Caravani<br \/><br \/><a href=\"https:\/\/doi.org\/10.3828\/whpnp.63837646691083\">J\u00falio S\u00e1 R\u00eago,\u00a0<em>O Criado Do Pastor: Uma Caminhada Pelas Serras Do Norte.<\/em><\/a>\u00a0Joana Roque De Pinho<br \/><br \/><a href=\"https:\/\/doi.org\/10.3828\/whpnp.63837646691075\">Gufu Oba,\u00a0<em>Pastoralist Resilience to Environmental Collapse in East Africa since 1500.<\/em><\/a>\u00a0G\u00fcnther Schlee<br \/><br \/><a href=\"https:\/\/doi.org\/10.3828\/whpnp.63837646691084\">Svein Disch Mathiesen, Inger Marie Gaup Eira, Ellen Inga Turi, Anders Oskal Mikhail Pogodaev and Marina Tonkopeeva (eds),\u00a0Reindeer Husbandry: Adaptation to the Changing Arctic, Volume 1<\/a>\u00a0Erika De Vivo<\/p>\n<\/div><\/div><\/div>\n<div class=\"col-md-6 col-sm-6 col-xs-12 pt-cv-content-item pt-cv-2-col\"  data-pid=\"5630\"><div class='pt-cv-ifield'><h4 class=\"pt-cv-title\"><a href=\"https:\/\/www.whpress.co.uk\/publications\/2025\/03\/05\/np-vol-29-1\/\" class=\"_self cvplbd\" target=\"_self\" >NP Vol.29 (1), March 2025<\/a><\/h4>\n<div class=\"pt-cv-content\">\n<figure class=\"wp-block-image size-full\"><img loading=\"lazy\" decoding=\"async\" width=\"265\" height=\"400\" src=\"https:\/\/www.whpress.co.uk\/publications\/wp-content\/uploads\/2025\/02\/cover_small.png\" alt=\"\" class=\"wp-image-5632\" srcset=\"https:\/\/www.whpress.co.uk\/publications\/wp-content\/uploads\/2025\/02\/cover_small.png 265w, https:\/\/www.whpress.co.uk\/publications\/wp-content\/uploads\/2025\/02\/cover_small-199x300.png 199w, https:\/\/www.whpress.co.uk\/publications\/wp-content\/uploads\/2025\/02\/cover_small-133x200.png 133w\" sizes=\"auto, (max-width: 265px) 100vw, 265px\" \/><\/figure>\n\n\n\n<h3 class=\"wp-block-heading\">Pastoral Resilience and Transformation in the Hindu Kush Himalaya (HKH)<br \/><sub><strong>Guest edited by Wu Ning, Srijana Joshi and Yi Shaoliang<\/strong><\/sub><\/h3>\n\n\n\n<p>INTRODUCTION<br \/><a href=\"https:\/\/doi.org\/10.3828\/whpnp.63837646691062\">Introduction: Pastoral Resilience in a Changing World in the Hindu Kush Himalaya<\/a>&nbsp;Wu Ning, Srijana Joshi, Yi Shaoliang<\/p>\n\n\n\n<p>RESEARCH ARTICLES<br \/><a href=\"https:\/\/doi.org\/10.3828\/whpnp.63837646691063\">Pastoralism in Shimshal: Adapting Old Practices to Meet New Challenges<\/a>&nbsp;Hermann Josef Kreutzmann<br \/><br \/><a href=\"https:\/\/doi.org\/10.3828\/whpnp.63837646691064\">Yak Pastoralism in Transition: Changes and Challenges in Yak-Rearing Practices in Lhonak Valley, Sikkim<\/a>&nbsp;Nirjala Rai, Uttam Lal<br \/><br \/><a href=\"https:\/\/doi.org\/10.3828\/whpnp.63837646691065\">Yak Herding as a Livelihood Teetering on the Brink of Extinction: A Case Study from Ura Village in Bhutan<\/a>&nbsp;Jigme Wangdi<br \/><br \/><a href=\"https:\/\/doi.org\/10.3828\/whpnp.63837646691066\">Changing Mountain Pastoralism and Its Impacts in the Hindu Kush Himalayan Region: The Case of Kushum, Pakistan<\/a>&nbsp;Zahir Ahmad, Julio C. Postigo, Fazlur-Rahman, Kamal Hussain, Farhana Altaf<br \/><br \/><a href=\"https:\/\/doi.org\/10.3828\/whpnp.63837646691067\">Safeguarding Mountain Pastoralism through an Alternative Insurance Mechanism<\/a>&nbsp;Susmita Satyal, Rajesh K. Rai, Srijana Joshi, Tashi Dorji, Basant Pant<br \/><br \/><a href=\"https:\/\/doi.org\/10.3828\/whpnp.63837646691068\">The Transformation of Maldarai (Pastoralist Livelihood) in Yarkhun Valley, Chitral, Pakistan: Impacts of Neoliberalism, School Education and Climate Change<\/a>&nbsp;Abdul Wahid Khan<br \/><br \/><a href=\"https:\/\/doi.org\/10.3828\/whpnp.63837646691069\">Behavioural Biology of Kashmir Markhor for Sustainable Rangeland Management in the Hindu Kush Region<\/a>&nbsp;Shah Fahad Ali Khan, Muhammad Khisroon<\/p>\n\n\n\n<p>PERSPECTIVE<br \/><a href=\"https:\/\/doi.org\/10.3828\/whpnp.63837646691070\">Pastoralism and the State: The Changing Profile of Pastoralism in India Today<\/a>&nbsp;Anita Sharma<\/p>\n\n\n\n<p>BOOK REVIEWS<br \/><a href=\"https:\/\/doi.org\/10.3828\/whpnp.63837646691071\">Giannandrea Mencini,&nbsp;<em>Pascoli di carta. Le mani sulla montagna<\/em><\/a>&nbsp;Luca Battaglini<br \/><br \/><a href=\"https:\/\/doi.org\/10.3828\/whpnp.63837646691072\">Anthony Sattin,&nbsp;<em>Nomads: the Wanderers Who Shaped Our World<\/em><\/a>&nbsp;Freya Hope<\/p>\n<\/div><\/div><\/div>\n<div class=\"col-md-6 col-sm-6 col-xs-12 pt-cv-content-item pt-cv-2-col\"  data-pid=\"5415\"><div class='pt-cv-ifield'><h4 class=\"pt-cv-title\"><a href=\"https:\/\/www.whpress.co.uk\/publications\/2024\/09\/23\/np-vol-28-3\/\" class=\"_self cvplbd\" target=\"_self\" >NP Vol.28 (2), September 2024<\/a><\/h4>\n<div class=\"pt-cv-content\">\n<figure class=\"wp-block-image size-full\"><img loading=\"lazy\" decoding=\"async\" width=\"265\" height=\"400\" src=\"https:\/\/www.whpress.co.uk\/publications\/wp-content\/uploads\/2024\/09\/COVER-SMALL-1.png\" alt=\"\" class=\"wp-image-5417\" srcset=\"https:\/\/www.whpress.co.uk\/publications\/wp-content\/uploads\/2024\/09\/COVER-SMALL-1.png 265w, https:\/\/www.whpress.co.uk\/publications\/wp-content\/uploads\/2024\/09\/COVER-SMALL-1-199x300.png 199w, https:\/\/www.whpress.co.uk\/publications\/wp-content\/uploads\/2024\/09\/COVER-SMALL-1-133x200.png 133w\" sizes=\"auto, (max-width: 265px) 100vw, 265px\" \/><\/figure>\n\n\n\n<p>EDITORIAL<br \/><a href=\"https:\/\/doi.org\/10.3828\/whpnp.63837646691052\">Editorial<\/a>&nbsp;Saverio Kr\u00e4tli<\/p>\n\n\n\n<p>RESEARCH ARTICLES<br \/><a href=\"https:\/\/doi.org\/10.3828\/whpnp.63837646691053\">Customary Land Governance and Conflict Resolution among the Debne and Weima Afar Clans, Northeast Ethiopia<\/a>&nbsp;Dejene Debsu<\/p>\n\n\n\n<p>SPECIAL SECTION: MOUNTAIN PASTORALISM, MOBILITY AND ENVIRONMENT IN MEDITERRANEAN EUROPE, <em>edited by Julio Sa Rego and Athanasios Ragkos<\/em><br \/><a href=\"https:\/\/doi.org\/10.3828\/whpnp.63837646691054\">Introduction to Special Section<\/a>\u00a0J\u00falio S\u00e1 R\u00eago, Athanasios Ragkos<\/p>\n\n\n\n<p><em>Special Section \u2013 Research Articles <\/em><br \/><a href=\"https:\/\/doi.org\/10.3828\/whpnp.63837646691055\">Beyond the \u2018Wild Shepherd\u2019: How Global Capitalism Has Reshaped Pastoralism. Suggestions from a Mediterranean Island<\/a>\u00a0Domenica Farinella<br \/><br \/><a href=\"https:\/\/doi.org\/10.3828\/whpnp.63837646691056\">The Decline and Revitalisation of Transhumance in the Valles Occidentales of Spain\u2019s Aragonese Pyrenees<\/a>\u00a0Mar\u00eda E. Fern\u00e1ndez-Gim\u00e9nez<br \/><br \/><a href=\"https:\/\/doi.org\/10.3828\/whpnp.63837646691057\">A Classification of Pastoralism in Spain: Understanding the past to Address Present Challenges<\/a>\u00a0Rub\u00e9n Serrano-Zulueta, Antonio G\u00f3mez-Sal, Ferr\u00e1n Paun\u00e9, Elena Velado-Alonso, Jes\u00fas Garz\u00f3n, Agust\u00edn Del Prado, Pedro Mar\u00eda Herrera, Julio Majadas, Francesca Pasetti, Esther Prada-Llorente, Pablo Manzano<\/p>\n\n\n\n<p><em>Special Section \u2013 Opinion Piece <\/em><br \/><a href=\"https:\/\/doi.org\/10.3828\/whpnp.63837646691058\">The Shepherd Community of the Albanian Alps: Perspective on the Importance of Preserving Transhumance Practices<\/a>\u00a0Martine Wolff<\/p>\n\n\n\n<p>BOOK REVIEWS<br \/><a href=\"https:\/\/doi.org\/10.3828\/whpnp.63837646691059\">Kobi Peled,&nbsp;<em>Words Like Daggers: The Political Poetry of the Negev Bedouin<\/em><\/a>&nbsp;Dawn Chatty, Linda Pappagallo<br \/><br \/><a href=\"https:\/\/doi.org\/10.3828\/whpnp.63837646691060\">I. Scoones (Ed.),&nbsp;<em>Pastoralism, Uncertainty and Development.<\/em><\/a>&nbsp;Katherine Homewood<br \/><br \/><a href=\"https:\/\/doi.org\/10.3828\/whpnp.63837646691061\">Ilse K\u00f6hler-Rollefson,&nbsp;<em>Hoofprints on the Land: How Traditional Herding and Grazing Can Restore the Soil and Bring Animal Agriculture Back in Balance with the Earth<\/em><\/a>&nbsp;Cory Rodgers<\/p>\n<\/div><\/div><\/div>\n<div class=\"col-md-6 col-sm-6 col-xs-12 pt-cv-content-item pt-cv-2-col\"  data-pid=\"5105\"><div class='pt-cv-ifield'><h4 class=\"pt-cv-title\"><a href=\"https:\/\/www.whpress.co.uk\/publications\/2024\/03\/25\/np-vol-27-2-sept-2023-2\/\" class=\"_self cvplbd\" target=\"_self\" >NP Vol.28 (1), March 2024<\/a><\/h4>\n<div class=\"pt-cv-content\">\n<figure class=\"wp-block-image size-full\"><img loading=\"lazy\" decoding=\"async\" width=\"266\" height=\"400\" src=\"https:\/\/www.whpress.co.uk\/publications\/wp-content\/uploads\/2024\/03\/cover-small.png\" alt=\"\" class=\"wp-image-5107\" srcset=\"https:\/\/www.whpress.co.uk\/publications\/wp-content\/uploads\/2024\/03\/cover-small.png 266w, https:\/\/www.whpress.co.uk\/publications\/wp-content\/uploads\/2024\/03\/cover-small-200x300.png 200w, https:\/\/www.whpress.co.uk\/publications\/wp-content\/uploads\/2024\/03\/cover-small-133x200.png 133w\" sizes=\"auto, (max-width: 266px) 100vw, 266px\" \/><\/figure>\n\n\n\n<p>EDITORIAL<br \/><a href=\"https:\/\/doi.org\/10.3828\/whpnp.63837646691040\">Editorial<\/a>&nbsp;Saverio Kr\u00e4tli<\/p>\n\n\n\n<p>RESEARCH ARTICLES<br \/><a href=\"https:\/\/doi.org\/10.3828\/whpnp.63837646691041\">Human Mediation between Mother Animals and Their Young in Livestock Reproduction \u2013 a Case Study on Lamb Bags<\/a>&nbsp;Haiyan Bao, Jiligen Fu, Takahiro Ozaki, Zhenzhen Liu, Saqiri&nbsp;<br \/><br \/><a href=\"https:\/\/doi.org\/10.3828\/whpnp.63837646691042\">Pastoralist Mobility along the Sudanese Ethiopian Borderland: Towards Cooperative Land Management<\/a>&nbsp;Hussein M. Sulieman, Adam Babekir, Abdel Ghaffar M. Ahmed<br \/><br \/><a href=\"https:\/\/doi.org\/10.3828\/whpnp.63837646691043\">Gender-Differentiated Roles and Perceptions on Climate Variability among Pastoralist and Agro-Pastoralist Communities in Marsabit, Kenya<\/a>&nbsp;Armara Macimilliam Galwab, Oscar K. Koech, Oliver V. Wasonga, Godfrey Kironchih<br \/><br \/><a href=\"https:\/\/doi.org\/10.3828\/whpnp.63837646691044\">Bedouin Poetry as an Art of Memory. The Dialogue between the Present and the past in the Political Poetry of the Negev Bedouin<\/a>&nbsp;Kobi Peled<br \/><br \/><a href=\"https:\/\/doi.org\/10.3828\/whpnp.63837646691045\">Pastoralists, Camels and State-Making: The Banu Sakhr and Glubb Pasha in Early Twentieth-Century Jordan<\/a>&nbsp;Patrick Hegarty Morrish<\/p>\n\n\n\n<p>REPORT<br \/><a href=\"https:\/\/doi.org\/10.3828\/whpnp.63837646691046\">Herder\u2013Scientist Gathering and Herder Festival in Hungary<\/a>&nbsp;Margareta Amy Lelea, Zsolt Moln\u00e1r, B\u00e1lint S\u00e1ndor, Ann Waters-Bayer, Sina Maghami Nick, Sacha Mouzin, Martin Nadarzinski, Elena Gal\u00e1n, Ibolya S\u00e1fi\u00e1nn\u00e9<\/p>\n\n\n\n<p>IN MEMORIAM<br \/><a href=\"https:\/\/doi.org\/10.3828\/whpnp.63837646691047\">Carolyn Kornfeld Lesorogol (1965\u20132023) \u2013 In Memoriam<\/a>&nbsp;Bilinda Straight<\/p>\n\n\n\n<p>BOOK REVIEWS<br \/><a href=\"https:\/\/doi.org\/10.3828\/whpnp.63837646691048\">Carolyn K. Lesorogol,&nbsp;<em>Conservation and Community in Kenya: Milking the Elephant<\/em><\/a>&nbsp;Lucas Elius Yamat, Pablo Manzano<br \/><br \/><a href=\"https:\/\/doi.org\/10.3828\/whpnp.63837646691049\">Letizia Bindi (Ed.),&nbsp;<em>Grazing Communities. Pastoralism in the Move and Biocultural Heritage Frictions<\/em><\/a>&nbsp;Bernard Hubert<br \/><br \/><a href=\"https:\/\/doi.org\/10.3828\/whpnp.63837646691050\">Anna Odland Portisch,&nbsp;<em>A Magpie\u2019s Tale: Ethnographic and Historical Perspectives on the Kazakh of Western Mongolia<\/em><\/a>&nbsp;Raphael Blancher<br \/><br \/><a href=\"https:\/\/doi.org\/10.3828\/whpnp.63837646691051\">Echi Christina Gabbert, Fana Gebresenbet, John G. Galaty and G\u00fcnther Schlee,&nbsp;<em>Lands of the Future: Anthropological Perspectives on Pastoralism, Land Deals and Tropes of Modernity in Eastern Africa<\/em><\/a>&nbsp;Cory Rodgers<\/p>\n<\/div><\/div><\/div><\/div><\/div>\n<div class=\"text-left pt-cv-pagination-wrapper\"><ul class=\"pt-cv-pagination pt-cv-ajax pagination\" data-totalpages=\"6\" data-currentpage=\"1\" data-sid=\"a98c136g5v\" data-unid=\"\" data-isblock=\"\" data-postid=\"\"><li class=\"active\"><a href=\"#\">1<\/a><\/li>\n\t<li ><a class=\"\" href=\"https:\/\/www.whpress.co.uk\/publications\/wp-json\/wp\/v2\/pages\/370\/?_page=2\">2<\/a><\/li>\n\t<li ><a class=\"\" href=\"https:\/\/www.whpress.co.uk\/publications\/wp-json\/wp\/v2\/pages\/370\/?_page=3\">3<\/a><\/li>\n\t<li ><a href=\"#\">&hellip;<\/a><\/li>\n\t<li ><a class=\"\" href=\"https:\/\/www.whpress.co.uk\/publications\/wp-json\/wp\/v2\/pages\/370\/?_page=6\">6<\/a><\/li>\n\t<li ><a class=\" \" href=\"https:\/\/www.whpress.co.uk\/publications\/wp-json\/wp\/v2\/pages\/370\/?_page=2\">&rsaquo;<\/a><\/li>\n\t<\/ul><img loading=\"lazy\" decoding=\"async\" width=\"15\" height=\"15\" class=\"pt-cv-spinner\" alt=\"Loading...\" src=\"data:image\/gif;base64,R0lGODlhDwAPALMPAMrKygwMDJOTkz09PZWVla+vr3p6euTk5M7OzuXl5TMzMwAAAJmZmWZmZszMzP\/\/\/yH\/C05FVFNDQVBFMi4wAwEAAAAh+QQFCgAPACwAAAAADwAPAAAEQvDJaZaZOIcV8iQK8VRX4iTYoAwZ4iCYoAjZ4RxejhVNoT+mRGP4cyF4Pp0N98sBGIBMEMOotl6YZ3S61Bmbkm4mAgAh+QQFCgAPACwAAAAADQANAAAENPDJSRSZeA418itN8QiK8BiLITVsFiyBBIoYqnoewAD4xPw9iY4XLGYSjkQR4UAUD45DLwIAIfkEBQoADwAsAAAAAA8ACQAABC\/wyVlamTi3nSdgwFNdhEJgTJoNyoB9ISYoQmdjiZPcj7EYCAeCF1gEDo4Dz2eIAAAh+QQFCgAPACwCAAAADQANAAAEM\/DJBxiYeLKdX3IJZT1FU0iIg2RNKx3OkZVnZ98ToRD4MyiDnkAh6BkNC0MvsAj0kMpHBAAh+QQFCgAPACwGAAAACQAPAAAEMDC59KpFDll73HkAA2wVY5KgiK5b0RRoI6MuzG6EQqCDMlSGheEhUAgqgUUAFRySIgAh+QQFCgAPACwCAAIADQANAAAEM\/DJKZNLND\/kkKaHc3xk+QAMYDKsiaqmZCxGVjSFFCxB1vwy2oOgIDxuucxAMTAJFAJNBAAh+QQFCgAPACwAAAYADwAJAAAEMNAs86q1yaWwwv2Ig0jUZx3OYa4XoRAfwADXoAwfo1+CIjyFRuEho60aSNYlOPxEAAAh+QQFCgAPACwAAAIADQANAAAENPA9s4y8+IUVcqaWJ4qEQozSoAzoIyhCK2NFU2SJk0hNnyEOhKR2AzAAj4Pj4GE4W0bkJQIAOw==\" \/><div class=\"clear pt-cv-clear-pagination\"><\/div><\/div><\/div>\t\t\t<style type=\"text\/css\" id=\"pt-cv-inline-style-94ed688zu8\">#pt-cv-view-a98c136g5v .pt-cv-title a, #pt-cv-view-a98c136g5v  .panel-title { font-weight: 600 !important; }\n#pt-cv-view-a98c136g5v .pt-cv-readmore  { color: #ffffff !important; background-color: #00aeef !important; }\n#pt-cv-view-a98c136g5v .pt-cv-readmore:hover  { color: #ffffff !important; background-color: #00aeef !important; }\n#pt-cv-view-a98c136g5v  + .pt-cv-pagination-wrapper .pt-cv-more , #pt-cv-view-a98c136g5v  + .pt-cv-pagination-wrapper .pagination .active a, .pt-cv-pagination[data-sid='a98c136g5v'] .active a { color: #ffffff !important; background-color: #00aeef !important; }\n.cvp-live-filter[data-sid='a98c136g5v'] .cvp-label   { font-family: 'Open Sans', Arial, serif !important; font-size: 14px !important; line-height: 1.3 !important; color: #9fb3c6 !important; }\n@media (max-width: 767px) {.cvp-live-filter[data-sid='a98c136g5v'] .cvp-label   { font-size: 12px !important }}\n.cvp-live-filter[data-sid='a98c136g5v'] input[type='text'], .cvp-live-filter[data-sid='a98c136g5v'] div > label, .cvp-live-filter[data-sid='a98c136g5v'] select, .cvp-live-filter[data-sid='a98c136g5v'] .irs-from, .cvp-live-filter[data-sid='a98c136g5v'] .irs-to   { font-family: 'Open Sans', Arial, serif !important; font-size: 14px !important; line-height: 1.3 !important; background-color: #9fb3c6 !important; display: block !important; text-align: center !important; clear: both !important; }\n.cvp-live-filter[data-sid='a98c136g5v'] input[type=radio]:checked~div   { background-color: #9fb3c6 !important; }<\/style>\r\n\t\t\t<link href='\/\/fonts.googleapis.com\/css?family=Open+Sans' rel='stylesheet' type='text\/css'>\n","protected":false},"excerpt":{"rendered":"<p>This page shows volumes of Nomadic Peoples published by The White Horse Press (from Volume 18, 2014). Contents of all volumes from [&hellip;]<\/p>\n","protected":false},"author":1,"featured_media":0,"parent":340,"menu_order":0,"comment_status":"closed","ping_status":"closed","template":"","meta":{"footnotes":""},"class_list":["post-370","page","type-page","status-publish","hentry"],"_links":{"self":[{"href":"https:\/\/www.whpress.co.uk\/publications\/wp-json\/wp\/v2\/pages\/370","targetHints":{"allow":["GET"]}}],"collection":[{"href":"https:\/\/www.whpress.co.uk\/publications\/wp-json\/wp\/v2\/pages"}],"about":[{"href":"https:\/\/www.whpress.co.uk\/publications\/wp-json\/wp\/v2\/types\/page"}],"author":[{"embeddable":true,"href":"https:\/\/www.whpress.co.uk\/publications\/wp-json\/wp\/v2\/users\/1"}],"replies":[{"embeddable":true,"href":"https:\/\/www.whpress.co.uk\/publications\/wp-json\/wp\/v2\/comments?post=370"}],"version-history":[{"count":14,"href":"https:\/\/www.whpress.co.uk\/publications\/wp-json\/wp\/v2\/pages\/370\/revisions"}],"predecessor-version":[{"id":5049,"href":"https:\/\/www.whpress.co.uk\/publications\/wp-json\/wp\/v2\/pages\/370\/revisions\/5049"}],"up":[{"embeddable":true,"href":"https:\/\/www.whpress.co.uk\/publications\/wp-json\/wp\/v2\/pages\/340"}],"wp:attachment":[{"href":"https:\/\/www.whpress.co.uk\/publications\/wp-json\/wp\/v2\/media?parent=370"}],"curies":[{"name":"wp","href":"https:\/\/api.w.org\/{rel}","templated":true}]}}