{"id":367,"date":"2021-07-28T16:25:46","date_gmt":"2021-07-28T16:25:46","guid":{"rendered":"http:\/\/localhost:8888\/wordpress\/?page_id=367"},"modified":"2024-01-05T16:42:22","modified_gmt":"2024-01-05T16:42:22","slug":"global-environment","status":"publish","type":"page","link":"https:\/\/www.whpress.co.uk\/publications\/journals\/global-environment\/","title":{"rendered":"Global Environment"},"content":{"rendered":"\n<div class=\"wp-block-buttons is-layout-flex wp-block-buttons-is-layout-flex\">\n<div class=\"wp-block-button\"><a class=\"wp-block-button__link wp-element-button\" href=\"https:\/\/www.whpress.co.uk\/GE.html\">Journal home page<\/a><\/div>\n\n\n\n<div class=\"wp-block-button\"><a class=\"wp-block-button__link wp-element-button\" href=\"https:\/\/www.whp-journals.co.uk\/GE\">Online submission system<\/a><\/div>\n\n\n\n<div class=\"wp-block-button\"><a class=\"wp-block-button__link wp-element-button\" href=\"https:\/\/liverpooluniversitypress.co.uk\/journal\/whpge\">Read at LUP<\/a><\/div>\n<\/div>\n\n\n<div class=\"pt-cv-wrapper\"><div class=\"cvp-live-filter cvp-button \" id=\"\" data-name=\"tx_post_tag\" data-sid=\"e82889et5p\" data-isblock=\"\" data-postid=\"\"><label class=\"cvp-label\">Publication year<\/label><div class=\"btn\"><label><input type=\"radio\" name=\"tx_post_tag\" value=\"\" checked\/><div>All<\/div><\/label><\/div><div class=\"btn\"><label><input type=\"radio\" name=\"tx_post_tag\" value=\"2026\" \/><div>2026<\/div><\/label><\/div><div class=\"btn\"><label><input type=\"radio\" name=\"tx_post_tag\" value=\"2025\" \/><div>2025<\/div><\/label><\/div><div class=\"btn\"><label><input type=\"radio\" name=\"tx_post_tag\" value=\"2024\" \/><div>2024<\/div><\/label><\/div><div class=\"btn\"><label><input type=\"radio\" name=\"tx_post_tag\" value=\"2023\" \/><div>2023<\/div><\/label><\/div><div class=\"btn\"><label><input type=\"radio\" name=\"tx_post_tag\" value=\"2022\" \/><div>2022<\/div><\/label><\/div><div class=\"btn\"><label><input type=\"radio\" name=\"tx_post_tag\" value=\"2021\" \/><div>2021<\/div><\/label><\/div><div class=\"btn\"><label><input type=\"radio\" name=\"tx_post_tag\" value=\"2020\" \/><div>2020<\/div><\/label><\/div><div class=\"btn\"><label><input type=\"radio\" name=\"tx_post_tag\" value=\"2019\" \/><div>2019<\/div><\/label><\/div><div class=\"btn\"><label><input type=\"radio\" name=\"tx_post_tag\" value=\"2018\" \/><div>2018<\/div><\/label><\/div><div class=\"btn\"><label><input type=\"radio\" name=\"tx_post_tag\" value=\"2017\" \/><div>2017<\/div><\/label><\/div><div class=\"btn\"><label><input type=\"radio\" name=\"tx_post_tag\" value=\"2016\" \/><div>2016<\/div><\/label><\/div><div class=\"btn\"><label><input type=\"radio\" name=\"tx_post_tag\" value=\"2015\" \/><div>2015<\/div><\/label><\/div><div class=\"btn\"><label><input type=\"radio\" name=\"tx_post_tag\" value=\"2014\" \/><div>2014<\/div><\/label><\/div><div class=\"btn\"><label><input type=\"radio\" name=\"tx_post_tag\" value=\"2013\" \/><div>2013<\/div><\/label><\/div><div class=\"btn\"><label><input type=\"radio\" name=\"tx_post_tag\" value=\"2012\" \/><div>2012<\/div><\/label><\/div><div class=\"btn\"><label><input type=\"radio\" name=\"tx_post_tag\" value=\"2011\" \/><div>2011<\/div><\/label><\/div><div class=\"btn\"><label><input type=\"radio\" name=\"tx_post_tag\" value=\"2010\" \/><div>2010<\/div><\/label><\/div><div class=\"btn\"><label><input type=\"radio\" name=\"tx_post_tag\" value=\"2009\" \/><div>2009<\/div><\/label><\/div><div class=\"btn\"><label><input type=\"radio\" name=\"tx_post_tag\" value=\"2008\" \/><div>2008<\/div><\/label><\/div><\/div><div class=\"pt-cv-view pt-cv-grid pt-cv-colsys pt-cv-nolf pt-cv-pgregular cvp-lfres\" id=\"pt-cv-view-e82889et5p\"><div data-id=\"pt-cv-page-1\" class=\"pt-cv-page\" data-cvc=\"3\"><div class=\"col-md-4 col-sm-6 col-xs-12 pt-cv-content-item pt-cv-2-col\"  data-pid=\"6570\"><div class='pt-cv-ifield'><h4 class=\"pt-cv-title\"><a href=\"https:\/\/www.whpress.co.uk\/publications\/2026\/02\/03\/ge-vol-19-1-2026\/\" class=\"_self cvplbd\" target=\"_self\" >GE Vol.19 (1), February 2026<\/a><\/h4>\n<div class=\"pt-cv-content\">\n<figure class=\"wp-block-image size-full is-resized\"><img loading=\"lazy\" decoding=\"async\" width=\"282\" height=\"400\" src=\"https:\/\/www.whpress.co.uk\/publications\/wp-content\/uploads\/2026\/02\/global-environment-19_Page_001-small.jpg\" alt=\"\" class=\"wp-image-6572\" style=\"aspect-ratio:0.7050085816820096;width:281px;height:auto\" srcset=\"https:\/\/www.whpress.co.uk\/publications\/wp-content\/uploads\/2026\/02\/global-environment-19_Page_001-small.jpg 282w, https:\/\/www.whpress.co.uk\/publications\/wp-content\/uploads\/2026\/02\/global-environment-19_Page_001-small-212x300.jpg 212w, https:\/\/www.whpress.co.uk\/publications\/wp-content\/uploads\/2026\/02\/global-environment-19_Page_001-small-133x189.jpg 133w\" sizes=\"auto, (max-width: 282px) 100vw, 282px\" \/><\/figure>\n\n\n\n<h3 class=\"wp-block-heading\">Global Fat Resources: Connecting Themes, Approaches and Narratives, c. 1850\u20132020s<\/h3>\n\n\n\n<p>INTRODUCTION<br \/><a href=\"https:\/\/doi.org\/10.3828\/whpge.63881453971802\">Global Fat Resources: Connecting Themes, Approaches and Narratives, c.1850\u20132020s<\/a>&nbsp;Elena Kochetkova, Matthias Heymann, Ines Prod\u00f6hl<\/p>\n\n\n\n<p>RESEARCH ARTICLES<br \/><a href=\"https:\/\/doi.org\/10.3828\/whpge.63881453971803\">Fat: Lubricant of Modernity<\/a>&nbsp;Ines Prod\u00f6hl<br \/><br \/><a href=\"https:\/\/doi.org\/10.3828\/whpge.63881453971804\">Autarkic, but Global: Fat Supply and Whaling in Pre-war Nazi Germany<\/a>&nbsp;Ole Sparenberg<br \/><br \/><a href=\"https:\/\/doi.org\/10.3828\/whpge.63881453971805\">Whaling as an Interim Oil Supply Industry: The Rise and Fall of Whale Oil in the Competitive Fat and Oil Markets<\/a>&nbsp;Jun Akamine<br \/><br \/><a href=\"https:\/\/doi.org\/10.3828\/whpge.63881453971806\">Roots and Dynamics of Dutch Foreign Plant-oil Demands 1920\u20132020<\/a>&nbsp;Frank Veraart, Maliene Kip, Janine Glas, Dulce Van Vliet<br \/><br \/><a href=\"https:\/\/doi.org\/10.3828\/whpge.63881453971807\">From Communal Agropastoral Practices to the Slaughterhouses in the Brazilian Border Line with Argentina: The Significance of Lard in Settlers\u2019 Narratives (1930s\u20131960s)<\/a>&nbsp;Claiton Marcio Da Silva, Elisandra Forneck, Aline Maisa Lubenow<br \/><br \/><a href=\"https:\/\/doi.org\/10.3828\/whpge.63881453971808\">Cod and its Oil, Cuisine and its Supplements: Fish Fragmentation, Commodity Connections and Naturalising Resources in Newfoundland<\/a>&nbsp;L. Sasha Gora<br \/><br \/><a href=\"https:\/\/doi.org\/10.3828\/whpge.63881453971809\">Fish Oil\u2019s Journey through Russian and Soviet History<\/a>&nbsp;Julia Lajus, Dmitry Lajus<br \/><br \/><a href=\"https:\/\/doi.org\/10.3828\/whpge.63881453971810\">Food Chemistry, Fat Experiment and Palm Oil in Late Soviet Politics and Industry<\/a>&nbsp;Elena Kochetkova<br \/><br \/><a href=\"https:\/\/doi.org\/10.3828\/whpge.63881453971811\">Global Entanglements of Palm Oil and Kernel Extraction from French West Africa (c. 1840\u20131960)<\/a>&nbsp;Giovanni Tonolo<br \/><br \/><a href=\"https:\/\/doi.org\/10.3828\/whpge.63881453971812\">Advocating for Inclusive Narratives: A Call for Critical Engagement with the Palm Oil Agribusiness Sector<\/a>&nbsp;Shakila Yacob, Caitlyn Sears<br \/><br \/><a href=\"https:\/\/doi.org\/10.3828\/whpge.63881453971813\">Meanings of Sustainability: the Invention of Sustainable Palm Oil<\/a>&nbsp;Matthias Heymann<\/p>\n\n\n\n<p>BOOK REVIEWS<br \/><a href=\"https:\/\/doi.org\/10.3828\/whpge.63881453971801\">Rup Kumar Barman,&nbsp;<em>River, Society and Culture: Environmental Perspectives on the Rivers of Assam and Bengal<\/em><\/a>&nbsp;Sujit Majhi<\/p>\n\n\n\n<p>NOTES FROM THE ICEHOUSE<br \/><a href=\"https:\/\/doi.org\/10.3828\/whpge.63881453971814\">Notes from the Icehouse \u2013 Staying Open: Shaping Environmental History in Sweden<\/a>&nbsp;Sverker S\u00f6rlin<\/p>\n\n\n\n<p><\/p>\n<\/div><\/div><\/div>\n<div class=\"col-md-4 col-sm-6 col-xs-12 pt-cv-content-item pt-cv-2-col\"  data-pid=\"6108\"><div class='pt-cv-ifield'><h4 class=\"pt-cv-title\"><a href=\"https:\/\/www.whpress.co.uk\/publications\/2025\/09\/16\/ge-vol-18-3-2025\/\" class=\"_self cvplbd\" target=\"_self\" >GE Vol.18 (3), October 2025<\/a><\/h4>\n<div class=\"pt-cv-content\">\n<figure class=\"wp-block-image size-full is-resized\"><img loading=\"lazy\" decoding=\"async\" width=\"282\" height=\"400\" src=\"https:\/\/www.whpress.co.uk\/publications\/wp-content\/uploads\/2025\/09\/small-new.jpg\" alt=\"\" class=\"wp-image-6574\" style=\"aspect-ratio:0.7050085816820096;width:283px;height:auto\" srcset=\"https:\/\/www.whpress.co.uk\/publications\/wp-content\/uploads\/2025\/09\/small-new.jpg 282w, https:\/\/www.whpress.co.uk\/publications\/wp-content\/uploads\/2025\/09\/small-new-212x300.jpg 212w, https:\/\/www.whpress.co.uk\/publications\/wp-content\/uploads\/2025\/09\/small-new-133x189.jpg 133w\" sizes=\"auto, (max-width: 282px) 100vw, 282px\" \/><\/figure>\n\n\n\n<h3 class=\"wp-block-heading\"><\/h3>\n\n\n\n<p>EDITORIAL<br \/><a href=\"https:\/\/doi.org\/10.3828\/whpge.63881453971795\">Editorial<\/a>&nbsp;Gabriella Corona<\/p>\n\n\n\n<p>RESEARCH ARTICLES<br \/><a href=\"https:\/\/doi.org\/10.3828\/whpge.63837646622508\">The Management of Natural Resources and the Emergence of Sustainability Problems in Northern Italy During the Early Modern Period<\/a>&nbsp;Matteo Di Tullio<br \/><br \/><a href=\"https:\/\/doi.org\/10.3828\/whpge.63837646622509\">Mules, Global Networks, and Settler Colonialism in German Southwest Africa, 1884\u20131915<\/a>&nbsp;Martin Kalb<br \/><br \/><a href=\"https:\/\/doi.org\/10.3828\/whpge.63881453971796\">The Geographic, Archaeological and Agricultural Anchors Influencing Historic Migrations of the Negev Bedouin<\/a>&nbsp;Eli Ashkenazi, Petr \u0160im\u00e1\u010dek, Yona Chen<br \/><br \/><a href=\"https:\/\/doi.org\/10.3828\/whpge.63881453971797\">Assessing the Impact of Climate Variability on Olive Yield in Turkiye<\/a>&nbsp;Sevil Acar, Oguz Tutal<br \/><br \/><a href=\"https:\/\/doi.org\/10.3828\/whpge.63881453971798\">Toxic Diplomacy: The Waste Crisis and Italian-Nigerian Relations in the Late 1980s<\/a>&nbsp;Andrea Carn\u00ec<br \/><br \/><a href=\"https:\/\/doi.org\/10.3828\/whpge.63837646622520\">Dacoits and Environment in Nineteenth Century Colonial Bengal<\/a>&nbsp;Bidyut Hari<br \/><br \/><a href=\"https:\/\/doi.org\/10.3828\/whpge.63837646622521\">Creating the Global Environment from Below. The United States Environmental Justice Movement in the World Arena<\/a>&nbsp;Alice Ciulla<\/p>\n\n\n\n<p>BOOK REVIEW<br \/><a href=\"https:\/\/doi.org\/10.3828\/whpge.63881453971794\">Giovanni Covone,&nbsp;<em>Altre Terre. Viaggio alla scoperta di pianeti extrasolari<\/em><\/a>&nbsp;Gaia Edes Esposito<\/p>\n\n\n\n<p>NOTES FROM THE ICEHOUSE<br \/><a href=\"https:\/\/doi.org\/10.3828\/whpge.63881453971799\">Notes from the Icehouse \u2013&nbsp;An Invitation to Strengthen the Global Network of Environmental History<\/a>&nbsp;Claudia Leal<\/p>\n<\/div><\/div><\/div>\n<div class=\"col-md-4 col-sm-6 col-xs-12 pt-cv-content-item pt-cv-2-col\"  data-pid=\"5902\"><div class='pt-cv-ifield'><h4 class=\"pt-cv-title\"><a href=\"https:\/\/www.whpress.co.uk\/publications\/2025\/06\/16\/ge-vol-18-2-2025\/\" class=\"_self cvplbd\" target=\"_self\" >GE Vol.18 (2), June 2025<\/a><\/h4>\n<div class=\"pt-cv-content\">\n<figure class=\"wp-block-image size-full is-resized\"><img loading=\"lazy\" decoding=\"async\" width=\"281\" height=\"400\" src=\"https:\/\/www.whpress.co.uk\/publications\/wp-content\/uploads\/2025\/05\/global-front-cover-18.2-copy.jpg\" alt=\"\" class=\"wp-image-5905\" style=\"aspect-ratio:0.7025094063870145;width:281px;height:auto\" srcset=\"https:\/\/www.whpress.co.uk\/publications\/wp-content\/uploads\/2025\/05\/global-front-cover-18.2-copy.jpg 281w, https:\/\/www.whpress.co.uk\/publications\/wp-content\/uploads\/2025\/05\/global-front-cover-18.2-copy-211x300.jpg 211w, https:\/\/www.whpress.co.uk\/publications\/wp-content\/uploads\/2025\/05\/global-front-cover-18.2-copy-133x189.jpg 133w\" sizes=\"auto, (max-width: 281px) 100vw, 281px\" \/><\/figure>\n\n\n\n<h3 class=\"wp-block-heading\">Creating the \u2018Good Life\u2019 in the City: Rethinking Urban Spaces from More- Than-Human Perspectives<\/h3>\n\n\n\n<p>INTRODUCTION<br \/><a href=\"https:\/\/doi.org\/10.3828\/whpge.63837646622522\">Introduction. Creating the \u2018Good Life\u2019 in the City: Rethinking Urban Spaces from More-than-human Perspectives<\/a>&nbsp;Tanja Granzow, Jacqueline Lorenzen, Matthias Schumann<\/p>\n\n\n\n<p>RESEARCH ARTICLES<br \/><a href=\"https:\/\/doi.org\/10.3828\/whpge.63837646622523\">Spaces for Buen Vivir in the City? Urban Agroecology and Decolonial Processes in Bogot\u00e1<\/a>&nbsp;Birgit Hoinle<br \/><br \/><a href=\"https:\/\/doi.org\/10.3828\/whpge.63837646622524\">The Concept of Rights of Nature in Colombia and Ecuador: Lessons for a \u2018Good Life\u2019 in Urban Spaces<\/a>&nbsp;Marie-Christine Fuchs<br \/><br \/><a href=\"https:\/\/doi.org\/10.3828\/whpge.63837646622525\">Recomposing an Urban Forest in Mumbai<\/a>&nbsp;Anne Rademacher<br \/><br \/><a href=\"https:\/\/doi.org\/10.3828\/whpge.63837646622526\">The American Single-Family Home: Towards a Social and Environmental History<\/a>&nbsp;Rob Gioielli<br \/><br \/><a href=\"https:\/\/doi.org\/10.3828\/whpge.63837646622527\">Ecological Civilisation and the \u2018Good life\u2019 in Shanghai: Promises and Practices to Achieve Harmony Between Humans and Nature Through (Urban) Redevelopment<\/a>&nbsp;Harry Den Hartog<br \/><br \/><a href=\"https:\/\/doi.org\/10.3828\/whpge.63837646622528\">Re-articulating Resistance in Urban* Environments. For Edgy, Plural, More-than-human Good Lives in an Age of Translocalisation<\/a>&nbsp;Elisa T. Bertuzzo<br \/><br \/><a href=\"https:\/\/doi.org\/10.3828\/whpge.63837646622529\">\u2018Breaking Through the Waves and Tides\u2019: Rethinking Modernity in Qingdao, China<\/a>&nbsp;Shen Hou<\/p>\n\n\n\n<p>PERSPECTIVE<br \/><a href=\"https:\/\/doi.org\/10.3828\/whpge.63881453971791\">Simulating Nature: Artistic Reflections on Urban Environments<\/a>&nbsp;Antonie Angerer<\/p>\n\n\n\n<p>NOTES FROM THE ICEHOUSE<br \/><a href=\"https:\/\/doi.org\/10.3828\/whpge.63881453971792\">Notes from the Icehouse \u2013&nbsp;Shaping Change for Desirable Futures<\/a>&nbsp;Alexandra Vlachos<\/p>\n\n\n\n<p>OBITUARY<br \/><a href=\"https:\/\/doi.org\/10.3828\/whpge.63881453971793\">Obituary: Dr John Dargavel<\/a>&nbsp;Mauro Agnoletti<\/p>\n\n\n\n<p><\/p>\n<\/div><\/div><\/div><\/div><\/div>\n<div class=\"text-left pt-cv-pagination-wrapper\"><ul class=\"pt-cv-pagination pt-cv-ajax pagination\" data-totalpages=\"14\" data-currentpage=\"1\" data-sid=\"e82889et5p\" data-unid=\"\" data-isblock=\"\" data-postid=\"\"><li class=\"active\"><a href=\"#\">1<\/a><\/li>\n\t<li ><a class=\"\" href=\"https:\/\/www.whpress.co.uk\/publications\/wp-json\/wp\/v2\/pages\/367\/?_page=2\">2<\/a><\/li>\n\t<li ><a class=\"\" href=\"https:\/\/www.whpress.co.uk\/publications\/wp-json\/wp\/v2\/pages\/367\/?_page=3\">3<\/a><\/li>\n\t<li ><a href=\"#\">&hellip;<\/a><\/li>\n\t<li ><a class=\"\" href=\"https:\/\/www.whpress.co.uk\/publications\/wp-json\/wp\/v2\/pages\/367\/?_page=14\">14<\/a><\/li>\n\t<li ><a class=\" \" href=\"https:\/\/www.whpress.co.uk\/publications\/wp-json\/wp\/v2\/pages\/367\/?_page=2\">&rsaquo;<\/a><\/li>\n\t<\/ul><img loading=\"lazy\" decoding=\"async\" width=\"15\" height=\"15\" class=\"pt-cv-spinner\" alt=\"Loading...\" src=\"data:image\/gif;base64,R0lGODlhDwAPALMPAMrKygwMDJOTkz09PZWVla+vr3p6euTk5M7OzuXl5TMzMwAAAJmZmWZmZszMzP\/\/\/yH\/C05FVFNDQVBFMi4wAwEAAAAh+QQFCgAPACwAAAAADwAPAAAEQvDJaZaZOIcV8iQK8VRX4iTYoAwZ4iCYoAjZ4RxejhVNoT+mRGP4cyF4Pp0N98sBGIBMEMOotl6YZ3S61Bmbkm4mAgAh+QQFCgAPACwAAAAADQANAAAENPDJSRSZeA418itN8QiK8BiLITVsFiyBBIoYqnoewAD4xPw9iY4XLGYSjkQR4UAUD45DLwIAIfkEBQoADwAsAAAAAA8ACQAABC\/wyVlamTi3nSdgwFNdhEJgTJoNyoB9ISYoQmdjiZPcj7EYCAeCF1gEDo4Dz2eIAAAh+QQFCgAPACwCAAAADQANAAAEM\/DJBxiYeLKdX3IJZT1FU0iIg2RNKx3OkZVnZ98ToRD4MyiDnkAh6BkNC0MvsAj0kMpHBAAh+QQFCgAPACwGAAAACQAPAAAEMDC59KpFDll73HkAA2wVY5KgiK5b0RRoI6MuzG6EQqCDMlSGheEhUAgqgUUAFRySIgAh+QQFCgAPACwCAAIADQANAAAEM\/DJKZNLND\/kkKaHc3xk+QAMYDKsiaqmZCxGVjSFFCxB1vwy2oOgIDxuucxAMTAJFAJNBAAh+QQFCgAPACwAAAYADwAJAAAEMNAs86q1yaWwwv2Ig0jUZx3OYa4XoRAfwADXoAwfo1+CIjyFRuEho60aSNYlOPxEAAAh+QQFCgAPACwAAAIADQANAAAENPA9s4y8+IUVcqaWJ4qEQozSoAzoIyhCK2NFU2SJk0hNnyEOhKR2AzAAj4Pj4GE4W0bkJQIAOw==\" \/><div class=\"clear pt-cv-clear-pagination\"><\/div><\/div><\/div>\t\t\t<style type=\"text\/css\" id=\"pt-cv-inline-style-4ec59ea3jw\">#pt-cv-view-e82889et5p .pt-cv-title a, #pt-cv-view-e82889et5p  .panel-title { font-weight: 600 !important; }\n#pt-cv-view-e82889et5p .pt-cv-readmore  { color: #ffffff !important; background-color: #00aeef !important; }\n#pt-cv-view-e82889et5p .pt-cv-readmore:hover  { color: #ffffff !important; background-color: #00aeef !important; }\n#pt-cv-view-e82889et5p  + .pt-cv-pagination-wrapper .pt-cv-more , #pt-cv-view-e82889et5p  + .pt-cv-pagination-wrapper .pagination .active a, .pt-cv-pagination[data-sid='e82889et5p'] .active a { color: #ffffff !important; background-color: #00aeef !important; }\n.cvp-live-filter[data-sid='e82889et5p'] .cvp-label   { font-family: 'Open Sans', Arial, serif !important; font-size: 14px !important; line-height: 1.3 !important; color: #9fb3c6 !important; }\n@media (max-width: 767px) {.cvp-live-filter[data-sid='e82889et5p'] .cvp-label   { font-size: 12px !important }}\n.cvp-live-filter[data-sid='e82889et5p'] input[type='text'], .cvp-live-filter[data-sid='e82889et5p'] div > label, .cvp-live-filter[data-sid='e82889et5p'] select, .cvp-live-filter[data-sid='e82889et5p'] .irs-from, .cvp-live-filter[data-sid='e82889et5p'] .irs-to   { font-family: 'Open Sans', Arial, serif !important; font-size: 14px !important; line-height: 1.3 !important; background-color: #9fb3c6 !important; display: block !important; text-align: center !important; clear: both !important; }\n.cvp-live-filter[data-sid='e82889et5p'] input[type=radio]:checked~div   { background-color: #9fb3c6 !important; }<\/style>\r\n\t\t\t<link href='\/\/fonts.googleapis.com\/css?family=Open+Sans' rel='stylesheet' type='text\/css'>\n\n\n\n<p><\/p>\n","protected":false},"excerpt":{"rendered":"","protected":false},"author":1,"featured_media":0,"parent":340,"menu_order":0,"comment_status":"closed","ping_status":"closed","template":"","meta":{"footnotes":""},"class_list":["post-367","page","type-page","status-publish","hentry"],"_links":{"self":[{"href":"https:\/\/www.whpress.co.uk\/publications\/wp-json\/wp\/v2\/pages\/367","targetHints":{"allow":["GET"]}}],"collection":[{"href":"https:\/\/www.whpress.co.uk\/publications\/wp-json\/wp\/v2\/pages"}],"about":[{"href":"https:\/\/www.whpress.co.uk\/publications\/wp-json\/wp\/v2\/types\/page"}],"author":[{"embeddable":true,"href":"https:\/\/www.whpress.co.uk\/publications\/wp-json\/wp\/v2\/users\/1"}],"replies":[{"embeddable":true,"href":"https:\/\/www.whpress.co.uk\/publications\/wp-json\/wp\/v2\/comments?post=367"}],"version-history":[{"count":9,"href":"https:\/\/www.whpress.co.uk\/publications\/wp-json\/wp\/v2\/pages\/367\/revisions"}],"predecessor-version":[{"id":4672,"href":"https:\/\/www.whpress.co.uk\/publications\/wp-json\/wp\/v2\/pages\/367\/revisions\/4672"}],"up":[{"embeddable":true,"href":"https:\/\/www.whpress.co.uk\/publications\/wp-json\/wp\/v2\/pages\/340"}],"wp:attachment":[{"href":"https:\/\/www.whpress.co.uk\/publications\/wp-json\/wp\/v2\/media?parent=367"}],"curies":[{"name":"wp","href":"https:\/\/api.w.org\/{rel}","templated":true}]}}